{"id":982,"date":"2023-10-10T14:42:14","date_gmt":"2023-10-10T12:42:14","guid":{"rendered":"https:\/\/www.revon.fr\/?page_id=982"},"modified":"2023-10-10T14:53:19","modified_gmt":"2023-10-10T12:53:19","slug":"elementor-982","status":"publish","type":"page","link":"https:\/\/www.revon.fr\/en\/elementor-982\/","title":{"rendered":"Elementor #982"},"content":{"rendered":"<div data-elementor-type=\"wp-page\" data-elementor-id=\"982\" class=\"elementor elementor-982\">\n\t\t\t\t\t\t<div class=\"elementor-inner\">\n\t\t\t\t<div class=\"elementor-section-wrap\">\n\t\t\t\t\t\t\t\t\t<section class=\"elementor-section elementor-top-section elementor-element elementor-element-38c2987 elementor-section-full_width elementor-section-height-full elementor-section-content-top elementor-section-stretched elementor-section-height-default elementor-section-items-middle parallax_section_no qode_elementor_container_no\" data-id=\"38c2987\" data-element_type=\"section\" data-settings=\"{&quot;stretch_section&quot;:&quot;section-stretched&quot;}\">\n\t\t\t\t\t\t<div class=\"elementor-container elementor-column-gap-no\">\n\t\t\t\t\t\t\t<div class=\"elementor-row\">\n\t\t\t\t\t<div class=\"elementor-column elementor-col-100 elementor-top-column elementor-element elementor-element-c2650a0\" data-id=\"c2650a0\" data-element_type=\"column\">\n\t\t\t<div class=\"elementor-column-wrap elementor-element-populated\">\n\t\t\t\t\t\t\t<div class=\"elementor-widget-wrap\">\n\t\t\t\t\t\t<div class=\"elementor-element elementor-element-7a7a30d elementor-widget elementor-widget-slider_revolution\" data-id=\"7a7a30d\" data-element_type=\"widget\" data-widget_type=\"slider_revolution.default\">\n\t\t\t\t<div class=\"elementor-widget-container\">\n\t\t\t\n\t\t<div class=\"wp-block-themepunch-revslider\">\n\t\t\t<!-- START Accueil Studio Montazami REVOLUTION SLIDER 6.5.8 --><p class=\"rs-p-wp-fix\"><\/p>\n\t\t\t<rs-module-wrap id=\"rev_slider_44_1_wrapper\" data-source=\"gallery\" style=\"visibility:hidden;background:#a62b17;padding:0;\">\n\t\t\t\t<rs-module id=\"rev_slider_44_1\" style=\"\" data-version=\"6.5.8\">\n\t\t\t\t\t<rs-slides>\n\t\t\t\t\t\t<rs-slide style=\"position: absolute;\" data-key=\"rs-100\" data-title=\"Welcome\" data-duration=\"3000ms\" data-in=\"o:0;\" data-out=\"a:false;\">\n\t\t\t\t\t\t\t<img src=\"\/\/www.revon.fr\/wp-content\/plugins\/revslider\/public\/assets\/assets\/dummy.png\" alt=\"Welcome\" title=\"Elementor #982\" class=\"rev-slidebg tp-rs-img rs-lazyload\" data-lazyload=\"\/\/www.revon.fr\/wp-content\/plugins\/revslider\/public\/assets\/assets\/transparent.png\" data-bg=\"c:rgba(255,255,255,0);\" data-no-retina>\n<!--\n\t\t\t\t\t\t\t--><rs-layer\n\t\t\t\t\t\t\t\tid=\"slider-44-slide-100-layer-5\" \n\t\t\t\t\t\t\t\tdata-type=\"shape\"\n\t\t\t\t\t\t\t\tdata-rsp_ch=\"on\"\n\t\t\t\t\t\t\t\tdata-text=\"w:normal;s:20,16,12,7;l:0,20,15,9;\"\n\t\t\t\t\t\t\t\tdata-dim=\"w:100%;h:100%;\"\n\t\t\t\t\t\t\t\tdata-basealign=\"slide\"\n\t\t\t\t\t\t\t\tdata-frame_1=\"sp:500;\"\n\t\t\t\t\t\t\t\tdata-frame_999=\"y:0px;o:0;st:w;sp:820;sR:2500;\"\n\t\t\t\t\t\t\t\tstyle=\"z-index:5;background-color:#ffffff;\"\n\t\t\t\t\t\t\t> \n\t\t\t\t\t\t\t<\/rs-layer><!--\n\n\t\t\t\t\t\t\t--><rs-layer\n\t\t\t\t\t\t\t\tid=\"slider-44-slide-100-layer-7\" \n\t\t\t\t\t\t\t\tdata-type=\"text\"\n\t\t\t\t\t\t\t\tdata-color=\"#a62b17\"\n\t\t\t\t\t\t\t\tdata-rsp_ch=\"on\"\n\t\t\t\t\t\t\t\tdata-xy=\"x:c;y:m;\"\n\t\t\t\t\t\t\t\tdata-text=\"w:normal;s:67,55,41,25;l:84,69,52,32;a:center;\"\n\t\t\t\t\t\t\t\tdata-frame_1=\"st:510;sp:500;sR:510;\"\n\t\t\t\t\t\t\t\tdata-frame_999=\"o:0;st:2200;sp:500;sR:1190;\"\n\t\t\t\t\t\t\t\tstyle=\"z-index:6;font-family:'Bebas Neue';\"\n\t\t\t\t\t\t\t>STUDIO MONTAZAMI \n\t\t\t\t\t\t\t<\/rs-layer><!--\n-->\t\t\t\t\t\t<\/rs-slide>\n\t\t\t\t\t\t<rs-slide style=\"position: absolute;\" data-key=\"rs-99\" data-title=\"Landing page\"data-sba=\"f:true;\" data-ssop=\"true\" data-anim=\"ms:10;\" data-in=\"o:0;\" data-out=\"a:false;\">\n\t\t\t\t\t\t\t<img src=\"\/\/www.revon.fr\/wp-content\/plugins\/revslider\/public\/assets\/assets\/dummy.png\" alt=\"Landing page\" title=\"Elementor #982\" class=\"rev-slidebg tp-rs-img rs-lazyload\" data-lazyload=\"\/\/www.revon.fr\/wp-content\/plugins\/revslider\/public\/assets\/assets\/transparent.png\" data-bg=\"c:rgba(166,43,23,0);\" data-no-retina>\n<!--\n\t\t\t\t\t\t\t--><rs-group\n\t\t\t\t\t\t\t\tid=\"slider-44-slide-99-layer-8\" \n\t\t\t\t\t\t\t\tdata-type=\"group\"\n\t\t\t\t\t\t\t\tdata-rsp_ch=\"on\"\n\t\t\t\t\t\t\t\tdata-xy=\"x:c;y:m;\"\n\t\t\t\t\t\t\t\tdata-text=\"w:normal;s:20,16,12,7;l:0,20,15,9;\"\n\t\t\t\t\t\t\t\tdata-dim=\"w:100%;h:100%;\"\n\t\t\t\t\t\t\t\tdata-basealign=\"slide\"\n\t\t\t\t\t\t\t\tdata-frame_0=\"x:-100%;o:1;\"\n\t\t\t\t\t\t\t\tdata-frame_1=\"sp:890;\"\n\t\t\t\t\t\t\t\tdata-frame_999=\"x:0px;o:0;st:w;sR:8110;sA:9000;\"\n\t\t\t\t\t\t\t\tstyle=\"z-index:11;\"\n\t\t\t\t\t\t\t><!--\n\t\t\t\t\t\t\t\t--><rs-layer\n\t\t\t\t\t\t\t\t\tid=\"slider-44-slide-99-layer-1\" \n\t\t\t\t\t\t\t\t\tdata-type=\"shape\"\n\t\t\t\t\t\t\t\t\tdata-rsp_ch=\"on\"\n\t\t\t\t\t\t\t\t\tdata-text=\"w:normal;s:20,16,12,7;l:0,20,15,9;\"\n\t\t\t\t\t\t\t\t\tdata-dim=\"w:100%;h:100%;\"\n\t\t\t\t\t\t\t\t\tdata-basealign=\"slide\"\n\t\t\t\t\t\t\t\t\tdata-blendmode=\"multiply\"\n\t\t\t\t\t\t\t\t\tdata-frame_1=\"sp:0;\"\n\t\t\t\t\t\t\t\t\tdata-frame_999=\"o:1;st:w;sR:9000;\"\n\t\t\t\t\t\t\t\t\tstyle=\"z-index:10;background-color:#a62b17;\"\n\t\t\t\t\t\t\t\t> \n\t\t\t\t\t\t\t\t<\/rs-layer><!--\n\n\t\t\t\t\t\t\t\t--><rs-layer\n\t\t\t\t\t\t\t\t\tid=\"slider-44-slide-99-layer-4\" \n\t\t\t\t\t\t\t\t\tdata-type=\"image\"\n\t\t\t\t\t\t\t\t\tdata-rsp_ch=\"on\"\n\t\t\t\t\t\t\t\t\tdata-text=\"w:normal;s:20,16,12,7;l:0,20,15,9;\"\n\t\t\t\t\t\t\t\t\tdata-dim=\"w:['100%','100%','100%','100%'];h:['100%','100%','100%','100%'];\"\n\t\t\t\t\t\t\t\t\tdata-basealign=\"slide\"\n\t\t\t\t\t\t\t\t\tdata-frame_1=\"st:380;sR:380;\"\n\t\t\t\t\t\t\t\t\tdata-frame_999=\"o:1;st:w;sR:8320;\"\n\t\t\t\t\t\t\t\t\tstyle=\"z-index:9;\"\n\t\t\t\t\t\t\t\t><img loading=\"lazy\" src=\"\/\/www.revon.fr\/wp-content\/plugins\/revslider\/public\/assets\/assets\/dummy.png\" class=\"tp-rs-img rs-lazyload\" width=\"2560\" height=\"1440\" data-lazyload=\"\/\/www.revon.fr\/wp-content\/uploads\/2023\/10\/1-4-scaled.jpg\" data-c=\"fullwidth\" data-no-retina> \n\t\t\t\t\t\t\t\t<\/rs-layer><!--\n\t\t\t\t\t\t\t--><\/rs-group><!--\n\n\t\t\t\t\t\t\t--><rs-group\n\t\t\t\t\t\t\t\tid=\"slider-44-slide-99-layer-13\" \n\t\t\t\t\t\t\t\tdata-type=\"group\"\n\t\t\t\t\t\t\t\tdata-rsp_ch=\"on\"\n\t\t\t\t\t\t\t\tdata-xy=\"y:m;\"\n\t\t\t\t\t\t\t\tdata-text=\"w:normal;s:20,16,12,7;l:0,20,15,9;\"\n\t\t\t\t\t\t\t\tdata-dim=\"w:100%;h:505.99699999999996px,417px,316px,194px;\"\n\t\t\t\t\t\t\t\tdata-basealign=\"slide\"\n\t\t\t\t\t\t\t\tdata-frame_0=\"o:1;\"\n\t\t\t\t\t\t\t\tdata-frame_1=\"sp:440;\"\n\t\t\t\t\t\t\t\tdata-frame_999=\"x:0px;o:0;st:w;sR:8560;sA:9000;\"\n\t\t\t\t\t\t\t\tstyle=\"z-index:16;\"\n\t\t\t\t\t\t\t><!--\n\t\t\t\t\t\t\t\t--><rs-layer\n\t\t\t\t\t\t\t\t\tid=\"slider-44-slide-99-layer-14\" \n\t\t\t\t\t\t\t\t\tdata-type=\"text\"\n\t\t\t\t\t\t\t\t\tdata-color=\"#fff\"\n\t\t\t\t\t\t\t\t\tdata-rsp_ch=\"on\"\n\t\t\t\t\t\t\t\t\tdata-xy=\"xo:50px,41px,31px,19px;\"\n\t\t\t\t\t\t\t\t\tdata-text=\"w:normal;s:100,82,62,38;l:116,95,72,44;fw:500;\"\n\t\t\t\t\t\t\t\t\tdata-dim=\"minh:0px,none,none,none;\"\n\t\t\t\t\t\t\t\t\tdata-actions='o:click;a:jumptoslide;slide:rs-101;'\n\t\t\t\t\t\t\t\t\tdata-frame_0=\"x:-500px,-412px,-313px,-193px;o:1;\"\n\t\t\t\t\t\t\t\t\tdata-frame_1=\"st:700;sp:1500;sR:700;\"\n\t\t\t\t\t\t\t\t\tdata-frame_999=\"o:1;st:w;sR:6800;\"\n\t\t\t\t\t\t\t\t\tdata-frame_hover=\"sX:1.05;sY:1.05;c:#fff;bor:0px,0px,0px,0px;sp:200ms;\"\n\t\t\t\t\t\t\t\t\tstyle=\"z-index:15;font-family:'Roboto';cursor:pointer;\"\n\t\t\t\t\t\t\t\t>Manifesto<br \/>\n \n\t\t\t\t\t\t\t\t<\/rs-layer><!--\n\n\t\t\t\t\t\t\t\t--><rs-layer\n\t\t\t\t\t\t\t\t\tid=\"slider-44-slide-99-layer-15\" \n\t\t\t\t\t\t\t\t\tdata-type=\"text\"\n\t\t\t\t\t\t\t\t\tdata-color=\"#fff\"\n\t\t\t\t\t\t\t\t\tdata-rsp_ch=\"on\"\n\t\t\t\t\t\t\t\t\tdata-xy=\"xo:50px,41px,31px,19px;yo:110px,90px,68px,41px;\"\n\t\t\t\t\t\t\t\t\tdata-text=\"w:normal;s:100,82,62,38;l:116,95,72,44;fw:500;\"\n\t\t\t\t\t\t\t\t\tdata-dim=\"minh:0,none,none,none;\"\n\t\t\t\t\t\t\t\t\tdata-frame_0=\"x:-500px,-412px,-313px,-193px;\"\n\t\t\t\t\t\t\t\t\tdata-frame_1=\"st:800;sp:1500;sR:800;\"\n\t\t\t\t\t\t\t\t\tdata-frame_999=\"o:1;st:w;sR:6700;\"\n\t\t\t\t\t\t\t\t\tdata-frame_hover=\"sX:1.05;sY:1.05;c:#fff;bor:0px,0px,0px,0px;sp:200ms;\"\n\t\t\t\t\t\t\t\t\tstyle=\"z-index:14;font-family:'Roboto';\"\n\t\t\t\t\t\t\t\t>Projects \n\t\t\t\t\t\t\t\t<\/rs-layer><!--\n\n\t\t\t\t\t\t\t\t--><rs-layer\n\t\t\t\t\t\t\t\t\tid=\"slider-44-slide-99-layer-16\" \n\t\t\t\t\t\t\t\t\tdata-type=\"text\"\n\t\t\t\t\t\t\t\t\tdata-color=\"#fff\"\n\t\t\t\t\t\t\t\t\tdata-rsp_ch=\"on\"\n\t\t\t\t\t\t\t\t\tdata-xy=\"xo:50px,41px,31px,19px;yo:220px,181px,137px,84px;\"\n\t\t\t\t\t\t\t\t\tdata-text=\"w:normal;s:100,82,62,38;l:116,95,72,44;fw:500;\"\n\t\t\t\t\t\t\t\t\tdata-dim=\"minh:0,none,none,none;\"\n\t\t\t\t\t\t\t\t\tdata-frame_0=\"x:-500px,-412px,-313px,-193px;\"\n\t\t\t\t\t\t\t\t\tdata-frame_1=\"st:900;sp:1500;sR:900;\"\n\t\t\t\t\t\t\t\t\tdata-frame_999=\"o:1;st:w;sR:6600;\"\n\t\t\t\t\t\t\t\t\tdata-frame_hover=\"sX:1.05;sY:1.05;c:#fff;bor:0px,0px,0px,0px;sp:200ms;\"\n\t\t\t\t\t\t\t\t\tstyle=\"z-index:13;font-family:'Roboto';\"\n\t\t\t\t\t\t\t\t>News \n\t\t\t\t\t\t\t\t<\/rs-layer><!--\n\n\t\t\t\t\t\t\t\t--><rs-layer\n\t\t\t\t\t\t\t\t\tid=\"slider-44-slide-99-layer-17\" \n\t\t\t\t\t\t\t\t\tdata-type=\"text\"\n\t\t\t\t\t\t\t\t\tdata-color=\"#fff\"\n\t\t\t\t\t\t\t\t\tdata-rsp_ch=\"on\"\n\t\t\t\t\t\t\t\t\tdata-xy=\"xo:50px,41px,31px,19px;yo:330px,272px,206px,127px;\"\n\t\t\t\t\t\t\t\t\tdata-text=\"w:normal;s:100,82,62,38;l:116,95,72,44;fw:500;\"\n\t\t\t\t\t\t\t\t\tdata-dim=\"minh:0,none,none,none;\"\n\t\t\t\t\t\t\t\t\tdata-frame_0=\"x:-500px,-412px,-313px,-193px;\"\n\t\t\t\t\t\t\t\t\tdata-frame_1=\"st:1000;sp:1500;sR:1000;\"\n\t\t\t\t\t\t\t\t\tdata-frame_999=\"o:1;st:w;sR:6500;\"\n\t\t\t\t\t\t\t\t\tdata-frame_hover=\"sX:1.05;sY:1.05;c:#fff;bor:0px,0px,0px,0px;sp:200ms;\"\n\t\t\t\t\t\t\t\t\tstyle=\"z-index:12;font-family:'Roboto';\"\n\t\t\t\t\t\t\t\t>Contact . \n\t\t\t\t\t\t\t\t<\/rs-layer><!--\n\t\t\t\t\t\t\t--><\/rs-group><!--\n-->\t\t\t\t\t\t<\/rs-slide>\n\t\t\t\t\t\t<rs-slide style=\"position: absolute;\" data-key=\"rs-101\" data-title=\"Manifesto\"data-sba=\"f:true;\" data-ssop=\"true\" data-anim=\"ms:50;\" data-in=\"o:0;\" data-out=\"a:false;\"  data-deeplink=\"Manifesto\" >\n\t\t\t\t\t\t\t<img src=\"\/\/www.revon.fr\/wp-content\/plugins\/revslider\/public\/assets\/assets\/dummy.png\" alt=\"Manifesto\" title=\"Elementor #982\" class=\"rev-slidebg tp-rs-img rs-lazyload\" data-lazyload=\"\/\/www.revon.fr\/wp-content\/plugins\/revslider\/public\/assets\/assets\/transparent.png\" data-bg=\"c:rgba(166,43,23,0);\" data-no-retina>\n<!--\n\t\t\t\t\t\t\t--><rs-group\n\t\t\t\t\t\t\t\tid=\"slider-44-slide-101-layer-13\" \n\t\t\t\t\t\t\t\tdata-type=\"group\"\n\t\t\t\t\t\t\t\tdata-rsp_ch=\"on\"\n\t\t\t\t\t\t\t\tdata-xy=\"x:l,c,c,c;y:m;yo:-1px,-30px,-22px,-13px;\"\n\t\t\t\t\t\t\t\tdata-text=\"w:normal;s:20,16,12,7;l:0,20,15,9;\"\n\t\t\t\t\t\t\t\tdata-dim=\"w:100%;h:550px,417px,316px,194px;\"\n\t\t\t\t\t\t\t\tdata-basealign=\"slide\"\n\t\t\t\t\t\t\t\tdata-frame_0=\"x:200%;o:1;\"\n\t\t\t\t\t\t\t\tdata-frame_1=\"x:0%;sp:1500;\"\n\t\t\t\t\t\t\t\tdata-frame_999=\"x:0px;o:0;st:w;sR:7500;sA:9000;\"\n\t\t\t\t\t\t\t\tstyle=\"z-index:15;\"\n\t\t\t\t\t\t\t><!--\n\t\t\t\t\t\t\t\t--><rs-layer\n\t\t\t\t\t\t\t\t\tid=\"slider-44-slide-101-layer-14\" \n\t\t\t\t\t\t\t\t\tdata-type=\"text\"\n\t\t\t\t\t\t\t\t\tdata-color=\"#fff\"\n\t\t\t\t\t\t\t\t\tdata-rsp_ch=\"on\"\n\t\t\t\t\t\t\t\t\tdata-xy=\"xo:50px,41px,31px,19px;\"\n\t\t\t\t\t\t\t\t\tdata-text=\"w:normal;s:50,30,25,15;l:60,49,37,22;fw:500;\"\n\t\t\t\t\t\t\t\t\tdata-dim=\"w:90%;h:#1\/3#,auto,auto,auto;minh:0px,none,none,none;\"\n\t\t\t\t\t\t\t\t\tdata-frame_0=\"o:1;\"\n\t\t\t\t\t\t\t\t\tdata-frame_1=\"sp:1500;\"\n\t\t\t\t\t\t\t\t\tdata-frame_999=\"o:1;st:w;sR:7500;\"\n\t\t\t\t\t\t\t\t\tstyle=\"z-index:14;font-family:'Roboto';\"\n\t\t\t\t\t\t\t\t>\u00ab Imaginer des espaces rationnels et \u00e9motionnels au service du confort, de <br \/>\nl\u2019esth\u00e9tique et de la qualit\u00e9 de vie \u00bb \n\t\t\t\t\t\t\t\t<\/rs-layer><!--\n\n\t\t\t\t\t\t\t\t--><rs-layer\n\t\t\t\t\t\t\t\t\tid=\"slider-44-slide-101-layer-15\" \n\t\t\t\t\t\t\t\t\tdata-type=\"text\"\n\t\t\t\t\t\t\t\t\tdata-color=\"#fff\"\n\t\t\t\t\t\t\t\t\tdata-rsp_ch=\"on\"\n\t\t\t\t\t\t\t\t\tdata-xy=\"xo:50px,41px,31px,19px;yo:200px,165px,125px,77px;\"\n\t\t\t\t\t\t\t\t\tdata-text=\"w:normal;s:50,30,25,15;l:60,49,37,22;fw:300;\"\n\t\t\t\t\t\t\t\t\tdata-dim=\"w:90%;h:#1\/3#,auto,auto,auto;minh:0,none,none,none;\"\n\t\t\t\t\t\t\t\t\tdata-frame_0=\"o:1;\"\n\t\t\t\t\t\t\t\t\tdata-frame_1=\"sp:1500;\"\n\t\t\t\t\t\t\t\t\tdata-frame_999=\"o:1;st:w;sR:7500;\"\n\t\t\t\t\t\t\t\t\tstyle=\"z-index:13;font-family:'Roboto';\"\n\t\t\t\t\t\t\t\t>Nous sommes une agence pluridisciplinaire dans les secteurs de l\u2019architecture, du retail et du design global. Notre nouveau regard au service de projets ambitieux supervise vos projets durant toutes leurs phases de d\u00e9veloppement, de la vision strat\u00e9gique \u00e0 l\u2019installation cl\u00e9 en main de vos espaces en imaginant un design \u00e9motionnel et plus durable. \n\t\t\t\t\t\t\t\t<\/rs-layer><!--\n\t\t\t\t\t\t\t--><\/rs-group><!--\n\n\t\t\t\t\t\t\t--><rs-layer\n\t\t\t\t\t\t\t\tid=\"slider-44-slide-101-layer-6\" \n\t\t\t\t\t\t\t\tdata-type=\"text\"\n\t\t\t\t\t\t\t\tdata-color=\"#fff\"\n\t\t\t\t\t\t\t\tdata-rsp_ch=\"on\"\n\t\t\t\t\t\t\t\tdata-xy=\"xo:300px,247px,187px,115px;y:b;yo:50px,41px,31px,19px;\"\n\t\t\t\t\t\t\t\tdata-text=\"w:normal;s:60,49,37,22;l:0,6,6,6;\"\n\t\t\t\t\t\t\t\tdata-dim=\"minh:0px,none,none,none;\"\n\t\t\t\t\t\t\t\tdata-basealign=\"slide\"\n\t\t\t\t\t\t\t\tdata-frame_0=\"y:150px,123px,93px,57px;\"\n\t\t\t\t\t\t\t\tdata-frame_1=\"sp:1500;sR:2200;\"\n\t\t\t\t\t\t\t\tdata-frame_999=\"o:0;st:w;sR:5300;\"\n\t\t\t\t\t\t\t\tstyle=\"z-index:14;font-family:'Roboto';\"\n\t\t\t\t\t\t\t>Manifesto \n\t\t\t\t\t\t\t<\/rs-layer><!--\n-->\t\t\t\t\t\t<\/rs-slide>\n\t\t\t\t\t<\/rs-slides>\n\t\t\t\t\t<rs-static-layers><!--\n\n\t\t\t\t\t\t\t--><rs-group\n\t\t\t\t\t\t\t\tid=\"slider-44-slide-43-layer-26\" \n\t\t\t\t\t\t\t\tclass=\"rs-layer-static\"\n\t\t\t\t\t\t\t\tdata-type=\"group\"\n\t\t\t\t\t\t\t\tdata-rsp_ch=\"on\"\n\t\t\t\t\t\t\t\tdata-text=\"w:normal;s:20,16,12,7;l:0,20,15,9;\"\n\t\t\t\t\t\t\t\tdata-dim=\"w:100%;h:180px,148px,112px,69px;\"\n\t\t\t\t\t\t\t\tdata-basealign=\"slide\"\n\t\t\t\t\t\t\t\tdata-onslides=\"s:1;\"\n\t\t\t\t\t\t\t\tdata-frame_0=\"o:1;\"\n\t\t\t\t\t\t\t\tdata-frame_999=\"o:0;st:w;sR:8700;sA:9000;\"\n\t\t\t\t\t\t\t\tstyle=\"z-index:20;\"\n\t\t\t\t\t\t\t><!--\n\t\t\t\t\t\t\t\t--><rs-layer\n\t\t\t\t\t\t\t\t\tid=\"slider-44-slide-43-layer-27\" \n\t\t\t\t\t\t\t\t\tclass=\"rs-layer-static\"\n\t\t\t\t\t\t\t\t\tdata-type=\"text\"\n\t\t\t\t\t\t\t\t\tdata-color=\"#fff\"\n\t\t\t\t\t\t\t\t\tdata-rsp_ch=\"on\"\n\t\t\t\t\t\t\t\t\tdata-xy=\"xo:50px,41px,31px,19px;yo:50px,41px,31px,19px;\"\n\t\t\t\t\t\t\t\t\tdata-text=\"w:normal;s:60,49,37,22;l:90,74,56,34;\"\n\t\t\t\t\t\t\t\t\tdata-dim=\"minh:0px,none,none,none;\"\n\t\t\t\t\t\t\t\t\tdata-onslides=\"s:1;\"\n\t\t\t\t\t\t\t\t\tdata-frame_0=\"y:-150px,-123px,-93px,-57px;\"\n\t\t\t\t\t\t\t\t\tdata-frame_1=\"st:3700;sp:1500;sR:2000;\"\n\t\t\t\t\t\t\t\t\tdata-frame_999=\"o:0;st:w;sR:5500;\"\n\t\t\t\t\t\t\t\t\tdata-frame_hover=\"sX:1.05;sY:1.05;c:#fff;bor:0px,0px,0px,0px;sp:200ms;\"\n\t\t\t\t\t\t\t\t\tstyle=\"z-index:18;font-family:'Bebas Neue';\"\n\t\t\t\t\t\t\t\t>Retail  \n\t\t\t\t\t\t\t\t<\/rs-layer><!--\n\n\t\t\t\t\t\t\t\t--><rs-layer\n\t\t\t\t\t\t\t\t\tid=\"slider-44-slide-43-layer-28\" \n\t\t\t\t\t\t\t\t\tclass=\"rs-layer-static\"\n\t\t\t\t\t\t\t\t\tdata-type=\"text\"\n\t\t\t\t\t\t\t\t\tdata-color=\"#fff\"\n\t\t\t\t\t\t\t\t\tdata-rsp_ch=\"on\"\n\t\t\t\t\t\t\t\t\tdata-xy=\"xo:203px,167px,126px,77px;yo:50px,41px,31px,19px;\"\n\t\t\t\t\t\t\t\t\tdata-text=\"w:normal;s:60,49,37,22;l:90,74,56,34;\"\n\t\t\t\t\t\t\t\t\tdata-dim=\"minh:0px,none,none,none;\"\n\t\t\t\t\t\t\t\t\tdata-onslides=\"s:1;\"\n\t\t\t\t\t\t\t\t\tdata-frame_0=\"y:-150px,-123px,-93px,-57px;\"\n\t\t\t\t\t\t\t\t\tdata-frame_1=\"st:3900;sp:1500;sR:2200;\"\n\t\t\t\t\t\t\t\t\tdata-frame_999=\"o:0;st:w;sR:5300;\"\n\t\t\t\t\t\t\t\t\tdata-frame_hover=\"sX:1.05;sY:1.05;c:#fff;bor:0px,0px,0px,0px;sp:200ms;\"\n\t\t\t\t\t\t\t\t\tstyle=\"z-index:16;font-family:'Bebas Neue';\"\n\t\t\t\t\t\t\t\t>Interiors \n\t\t\t\t\t\t\t\t<\/rs-layer><!--\n\n\t\t\t\t\t\t\t\t--><rs-layer\n\t\t\t\t\t\t\t\t\tid=\"slider-44-slide-43-layer-29\" \n\t\t\t\t\t\t\t\t\tclass=\"rs-layer-static\"\n\t\t\t\t\t\t\t\t\tdata-type=\"text\"\n\t\t\t\t\t\t\t\t\tdata-color=\"#fff\"\n\t\t\t\t\t\t\t\t\tdata-rsp_ch=\"on\"\n\t\t\t\t\t\t\t\t\tdata-xy=\"xo:425px,350px,265px,163px;yo:50px,41px,31px,19px;\"\n\t\t\t\t\t\t\t\t\tdata-text=\"w:normal;s:60,49,37,22;l:90,74,56,34;\"\n\t\t\t\t\t\t\t\t\tdata-dim=\"minh:0px,none,none,none;\"\n\t\t\t\t\t\t\t\t\tdata-onslides=\"s:1;\"\n\t\t\t\t\t\t\t\t\tdata-frame_0=\"y:-150px,-123px,-93px,-57px;\"\n\t\t\t\t\t\t\t\t\tdata-frame_1=\"st:4100;sp:1500;sR:2400;\"\n\t\t\t\t\t\t\t\t\tdata-frame_999=\"o:0;st:w;sR:5100;\"\n\t\t\t\t\t\t\t\t\tdata-frame_hover=\"sX:1.05;sY:1.05;c:#fff;bor:0px,0px,0px,0px;\"\n\t\t\t\t\t\t\t\t\tstyle=\"z-index:14;font-family:'Bebas Neue';\"\n\t\t\t\t\t\t\t\t>Workplace \n\t\t\t\t\t\t\t\t<\/rs-layer><!--\n\n\t\t\t\t\t\t\t\t--><h1\n\t\t\t\t\t\t\t\t\tid=\"slider-44-slide-43-layer-30\" \n\t\t\t\t\t\t\t\t\tclass=\"rs-layer rs-layer-static\"\n\t\t\t\t\t\t\t\t\tdata-type=\"shape\"\n\t\t\t\t\t\t\t\t\tdata-rsp_ch=\"on\"\n\t\t\t\t\t\t\t\t\tdata-xy=\"xo:178px,146px,110px,67px;yo:83px,68px,51px,31px;\"\n\t\t\t\t\t\t\t\t\tdata-text=\"w:normal;s:20,16,12,7;l:0,20,15,9;\"\n\t\t\t\t\t\t\t\t\tdata-dim=\"w:16px,13px,9px,5px;h:16px,13px,9px,5px;\"\n\t\t\t\t\t\t\t\t\tdata-onslides=\"s:1;\"\n\t\t\t\t\t\t\t\t\tdata-border=\"bor:8px,8px,8px,8px;\"\n\t\t\t\t\t\t\t\t\tdata-frame_0=\"y:-150px,-123px,-93px,-57px;\"\n\t\t\t\t\t\t\t\t\tdata-frame_1=\"st:3800;sp:1500;sR:2100;\"\n\t\t\t\t\t\t\t\t\tdata-frame_999=\"o:0;st:w;sR:5400;\"\n\t\t\t\t\t\t\t\t\tstyle=\"z-index:17;background-color:#ffffff;\"\n\t\t\t\t\t\t\t\t> \n\t\t\t\t\t\t\t\t<\/h1><!--\n\n\t\t\t\t\t\t\t\t--><h1\n\t\t\t\t\t\t\t\t\tid=\"slider-44-slide-43-layer-31\" \n\t\t\t\t\t\t\t\t\tclass=\"rs-layer rs-layer-static\"\n\t\t\t\t\t\t\t\t\tdata-type=\"shape\"\n\t\t\t\t\t\t\t\t\tdata-rsp_ch=\"on\"\n\t\t\t\t\t\t\t\t\tdata-xy=\"xo:400px,330px,250px,154px;yo:83px,68px,51px,31px;\"\n\t\t\t\t\t\t\t\t\tdata-text=\"w:normal;s:20,16,12,7;l:0,20,15,9;\"\n\t\t\t\t\t\t\t\t\tdata-dim=\"w:16px,13px,9px,5px;h:16px,13px,9px,5px;\"\n\t\t\t\t\t\t\t\t\tdata-onslides=\"s:1;\"\n\t\t\t\t\t\t\t\t\tdata-border=\"bor:8px,8px,8px,8px;\"\n\t\t\t\t\t\t\t\t\tdata-frame_0=\"y:-150px,-123px,-93px,-57px;\"\n\t\t\t\t\t\t\t\t\tdata-frame_1=\"st:4000;sp:1500;sR:2300;\"\n\t\t\t\t\t\t\t\t\tdata-frame_999=\"o:0;st:w;sR:5200;\"\n\t\t\t\t\t\t\t\t\tstyle=\"z-index:15;background-color:#ffffff;\"\n\t\t\t\t\t\t\t\t> \n\t\t\t\t\t\t\t\t<\/h1><!--\n\n\t\t\t\t\t\t\t\t--><rs-layer\n\t\t\t\t\t\t\t\t\tid=\"slider-44-slide-43-layer-32\" \n\t\t\t\t\t\t\t\t\tclass=\"rs-layer-static\"\n\t\t\t\t\t\t\t\t\tdata-type=\"shape\"\n\t\t\t\t\t\t\t\t\tdata-rsp_ch=\"on\"\n\t\t\t\t\t\t\t\t\tdata-xy=\"x:c;yo:150px,123px,93px,57px;\"\n\t\t\t\t\t\t\t\t\tdata-text=\"w:normal;s:20,16,12,7;l:0,20,15,9;\"\n\t\t\t\t\t\t\t\t\tdata-dim=\"w:100%;h:2px,1px,1px,1px;\"\n\t\t\t\t\t\t\t\t\tdata-basealign=\"slide\"\n\t\t\t\t\t\t\t\t\tdata-onslides=\"s:1;\"\n\t\t\t\t\t\t\t\t\tdata-frame_0=\"x:-100%;o:1;\"\n\t\t\t\t\t\t\t\t\tdata-frame_1=\"st:3700;sp:1500;sR:2000;\"\n\t\t\t\t\t\t\t\t\tdata-frame_999=\"o:0;st:w;sR:6700;\"\n\t\t\t\t\t\t\t\t\tstyle=\"z-index:19;background-color:#ffffff;\"\n\t\t\t\t\t\t\t\t> \n\t\t\t\t\t\t\t\t<\/rs-layer><!--\n\t\t\t\t\t\t\t--><\/rs-group><!--\n\n\t\t\t\t\t\t\t--><rs-group\n\t\t\t\t\t\t\t\tid=\"slider-44-slide-43-layer-40\" \n\t\t\t\t\t\t\t\tclass=\"rs-layer-static\"\n\t\t\t\t\t\t\t\tdata-type=\"group\"\n\t\t\t\t\t\t\t\tdata-rsp_ch=\"on\"\n\t\t\t\t\t\t\t\tdata-xy=\"y:b;\"\n\t\t\t\t\t\t\t\tdata-text=\"w:normal;s:20,16,12,7;l:0,20,15,9;\"\n\t\t\t\t\t\t\t\tdata-dim=\"w:100%;h:180px,148px,112px,69px;\"\n\t\t\t\t\t\t\t\tdata-basealign=\"slide\"\n\t\t\t\t\t\t\t\tdata-onslides=\"s:1;\"\n\t\t\t\t\t\t\t\tdata-frame_0=\"x:200%;o:1;\"\n\t\t\t\t\t\t\t\tdata-frame_1=\"sp:0;\"\n\t\t\t\t\t\t\t\tdata-frame_999=\"o:0;st:w;sR:8700;sA:9000;\"\n\t\t\t\t\t\t\t\tstyle=\"z-index:13;\"\n\t\t\t\t\t\t\t><!--\n\t\t\t\t\t\t\t\t--><rs-layer\n\t\t\t\t\t\t\t\t\tid=\"slider-44-slide-43-layer-41\" \n\t\t\t\t\t\t\t\t\tclass=\"rs-layer-static\"\n\t\t\t\t\t\t\t\t\tdata-type=\"shape\"\n\t\t\t\t\t\t\t\t\tdata-rsp_ch=\"on\"\n\t\t\t\t\t\t\t\t\tdata-xy=\"x:c;y:b;yo:100px,82px,62px,38px;\"\n\t\t\t\t\t\t\t\t\tdata-text=\"w:normal;s:20,16,12,7;l:0,20,15,9;\"\n\t\t\t\t\t\t\t\t\tdata-dim=\"w:100%;h:2px,1px,1px,1px;\"\n\t\t\t\t\t\t\t\t\tdata-basealign=\"slide\"\n\t\t\t\t\t\t\t\t\tdata-onslides=\"s:1;\"\n\t\t\t\t\t\t\t\t\tdata-frame_0=\"x:200%;o:1;\"\n\t\t\t\t\t\t\t\t\tdata-frame_1=\"st:3700;sp:1500;\"\n\t\t\t\t\t\t\t\t\tdata-frame_999=\"o:0;st:w;sR:8700;\"\n\t\t\t\t\t\t\t\t\tstyle=\"z-index:12;background-color:#ffffff;\"\n\t\t\t\t\t\t\t\t> \n\t\t\t\t\t\t\t\t<\/rs-layer><!--\n\n\t\t\t\t\t\t\t\t--><a\n\t\t\t\t\t\t\t\t\tid=\"slider-44-slide-43-layer-42\" \n\t\t\t\t\t\t\t\t\tclass=\"rs-layer rs-svg rs-layer-static\"\n\t\t\t\t\t\t\t\t\thref=\"https:\/\/www.instagram.com\/studio_montazami\/\" target=\"_self\"\n\t\t\t\t\t\t\t\t\tdata-type=\"svg\"\n\t\t\t\t\t\t\t\t\tdata-rsp_ch=\"on\"\n\t\t\t\t\t\t\t\t\tdata-xy=\"xo:190px,156px,118px,72px;y:b;yo:25px,20px,15px,9px;\"\n\t\t\t\t\t\t\t\t\tdata-text=\"w:normal;s:20,16,12,7;l:0,20,15,9;\"\n\t\t\t\t\t\t\t\t\tdata-dim=\"w:50px,41px,31px,19px;h:50px,41px,31px,19px;\"\n\t\t\t\t\t\t\t\t\tdata-svg_src=\"\/\/www.revon.fr\/wp-content\/uploads\/revslider\/svg\/objects\/svgcustom\/insta.svg\"\n\t\t\t\t\t\t\t\t\tdata-basealign=\"slide\"\n\t\t\t\t\t\t\t\t\tdata-onslides=\"s:1;\"\n\t\t\t\t\t\t\t\t\tdata-frame_0=\"y:50px,41px,31px,19px;\"\n\t\t\t\t\t\t\t\t\tdata-frame_1=\"st:4000;sp:1500;\"\n\t\t\t\t\t\t\t\t\tdata-frame_999=\"o:0;st:w;sR:8700;\"\n\t\t\t\t\t\t\t\t\tdata-frame_hover=\"sX:1.05;sY:1.05;sp:200ms;\"\n\t\t\t\t\t\t\t\t\tstyle=\"z-index:9;font-family:'Roboto';\"\n\t\t\t\t\t\t\t\t> \n\t\t\t\t\t\t\t\t<\/a><!--\n\n\t\t\t\t\t\t\t\t--><a\n\t\t\t\t\t\t\t\t\tid=\"slider-44-slide-43-layer-43\" \n\t\t\t\t\t\t\t\t\tclass=\"rs-layer rs-svg rs-layer-static\"\n\t\t\t\t\t\t\t\t\thref=\"https:\/\/www.facebook.com\/studiomontazami\/?locale=fr_FR\" target=\"_blank\" rel=\"noopener\"\n\t\t\t\t\t\t\t\t\tdata-type=\"svg\"\n\t\t\t\t\t\t\t\t\tdata-rsp_ch=\"on\"\n\t\t\t\t\t\t\t\t\tdata-xy=\"xo:50px,41px,31px,19px;y:b;yo:25px,20px,15px,9px;\"\n\t\t\t\t\t\t\t\t\tdata-text=\"w:normal;s:20,16,12,7;l:0,20,15,9;\"\n\t\t\t\t\t\t\t\t\tdata-dim=\"w:50px,41px,31px,19px;h:50px,41px,31px,19px;\"\n\t\t\t\t\t\t\t\t\tdata-svg_src=\"\/\/www.revon.fr\/wp-content\/uploads\/revslider\/svg\/objects\/svgcustom\/facebook.svg\"\n\t\t\t\t\t\t\t\t\tdata-basealign=\"slide\"\n\t\t\t\t\t\t\t\t\tdata-onslides=\"s:1;\"\n\t\t\t\t\t\t\t\t\tdata-frame_0=\"y:50px,41px,31px,19px;\"\n\t\t\t\t\t\t\t\t\tdata-frame_1=\"st:3800;sp:1500;\"\n\t\t\t\t\t\t\t\t\tdata-frame_999=\"o:0;st:w;sR:8700;\"\n\t\t\t\t\t\t\t\t\tdata-frame_hover=\"sX:1.05;sY:1.05;sp:200ms;\"\n\t\t\t\t\t\t\t\t\tstyle=\"z-index:11;font-family:'Roboto';\"\n\t\t\t\t\t\t\t\t> \n\t\t\t\t\t\t\t\t<\/a><!--\n\n\t\t\t\t\t\t\t\t--><a\n\t\t\t\t\t\t\t\t\tid=\"slider-44-slide-43-layer-44\" \n\t\t\t\t\t\t\t\t\tclass=\"rs-layer rs-svg rs-layer-static\"\n\t\t\t\t\t\t\t\t\thref=\"https:\/\/www.linkedin.com\/company\/inedit-orash-montazami-architectes\/?originalSubdomain=fr\" target=\"_self\"\n\t\t\t\t\t\t\t\t\tdata-type=\"svg\"\n\t\t\t\t\t\t\t\t\tdata-rsp_ch=\"on\"\n\t\t\t\t\t\t\t\t\tdata-xy=\"xo:120px,99px,75px,46px;y:b;yo:25px,20px,15px,9px;\"\n\t\t\t\t\t\t\t\t\tdata-text=\"w:normal;s:20,16,12,7;l:0,20,15,9;\"\n\t\t\t\t\t\t\t\t\tdata-dim=\"w:50px,41px,31px,19px;h:50px,41px,31px,19px;\"\n\t\t\t\t\t\t\t\t\tdata-svg_src=\"\/\/www.revon.fr\/wp-content\/uploads\/revslider\/svg\/objects\/svgcustom\/linkedin.svg\"\n\t\t\t\t\t\t\t\t\tdata-basealign=\"slide\"\n\t\t\t\t\t\t\t\t\tdata-onslides=\"s:1;\"\n\t\t\t\t\t\t\t\t\tdata-frame_0=\"y:50px,41px,31px,19px;\"\n\t\t\t\t\t\t\t\t\tdata-frame_1=\"st:3900;sp:1500;\"\n\t\t\t\t\t\t\t\t\tdata-frame_999=\"o:0;st:w;sR:8700;\"\n\t\t\t\t\t\t\t\t\tdata-frame_hover=\"sX:1.05;sY:1.05;sp:200ms;\"\n\t\t\t\t\t\t\t\t\tstyle=\"z-index:10;font-family:'Roboto';\"\n\t\t\t\t\t\t\t\t> \n\t\t\t\t\t\t\t\t<\/a><!--\n\n\t\t\t\t\t\t\t\t--><rs-layer\n\t\t\t\t\t\t\t\t\tid=\"slider-44-slide-43-layer-45\" \n\t\t\t\t\t\t\t\t\tclass=\"rs-layer-static\"\n\t\t\t\t\t\t\t\t\tdata-type=\"text\"\n\t\t\t\t\t\t\t\t\tdata-color=\"#fff\"\n\t\t\t\t\t\t\t\t\tdata-rsp_ch=\"on\"\n\t\t\t\t\t\t\t\t\tdata-xy=\"x:r;xo:75px,61px,46px,28px;y:b;\"\n\t\t\t\t\t\t\t\t\tdata-text=\"w:normal;s:60,49,37,22;l:90,74,56,34;\"\n\t\t\t\t\t\t\t\t\tdata-dim=\"minh:0px,none,none,none;\"\n\t\t\t\t\t\t\t\t\tdata-onslides=\"s:1;\"\n\t\t\t\t\t\t\t\t\tdata-frame_0=\"y:50px,41px,31px,19px;\"\n\t\t\t\t\t\t\t\t\tdata-frame_1=\"st:3700;sp:1500;\"\n\t\t\t\t\t\t\t\t\tdata-frame_999=\"o:0;st:w;sR:8700;\"\n\t\t\t\t\t\t\t\t\tstyle=\"z-index:8;font-family:'Bebas Neue';\"\n\t\t\t\t\t\t\t\t>Studio Montazami  \n\t\t\t\t\t\t\t\t<\/rs-layer><!--\n\t\t\t\t\t\t\t--><\/rs-group><!--\n\t\t\t\t\t--><\/rs-static-layers>\n\t\t\t\t<\/rs-module>\n\t\t\t\t<script type=\"text\/javascript\">\n\t\t\t\t\tsetREVStartSize({c: 'rev_slider_44_1',rl:[1240,1024,778,480],el:[900,767.986,960,720],gw:[1240,1024,778,480],gh:[900,768,960,720],type:'standard',justify:'',layout:'fullscreen',offsetContainer:'',offset:'',mh:\"0\"});if (window.RS_MODULES!==undefined && window.RS_MODULES.modules!==undefined && window.RS_MODULES.modules[\"revslider441\"]!==undefined) {window.RS_MODULES.modules[\"revslider441\"].once = false;window.revapi44 = undefined;if (window.RS_MODULES.checkMinimal!==undefined) window.RS_MODULES.checkMinimal()}\n\t\t\t\t<\/script>\n\t\t\t<\/rs-module-wrap>\n\t\t\t<!-- END REVOLUTION SLIDER -->\n<\/div>\n\n\t\t\t\t<\/div>\n\t\t\t\t<\/div>\n\t\t\t\t\t\t<\/div>\n\t\t\t\t\t<\/div>\n\t\t<\/div>\n\t\t\t\t\t\t\t\t<\/div>\n\t\t\t\t\t<\/div>\n\t\t<\/section>\n\t\t\t\t\t\t\t\t\t<\/div>\n\t\t\t<\/div>\n\t\t\t\t\t<\/div>","protected":false},"excerpt":{"rendered":"STUDIO MONTAZAMI Manifesto Projects News Contact . \u00ab Imaginer des espaces rationnels et \u00e9motionnels au service du confort, de l\u2019esth\u00e9tique et de la qualit\u00e9 de vie \u00bb Nous sommes une agence pluridisciplinaire dans les secteurs de l\u2019architecture, du retail et du design global. Notre nouveau...","protected":false},"author":1,"featured_media":0,"parent":0,"menu_order":0,"comment_status":"closed","ping_status":"closed","template":"elementor_canvas","meta":{"inline_featured_image":false},"_links":{"self":[{"href":"https:\/\/www.revon.fr\/en\/wp-json\/wp\/v2\/pages\/982"}],"collection":[{"href":"https:\/\/www.revon.fr\/en\/wp-json\/wp\/v2\/pages"}],"about":[{"href":"https:\/\/www.revon.fr\/en\/wp-json\/wp\/v2\/types\/page"}],"author":[{"embeddable":true,"href":"https:\/\/www.revon.fr\/en\/wp-json\/wp\/v2\/users\/1"}],"replies":[{"embeddable":true,"href":"https:\/\/www.revon.fr\/en\/wp-json\/wp\/v2\/comments?post=982"}],"version-history":[{"count":10,"href":"https:\/\/www.revon.fr\/en\/wp-json\/wp\/v2\/pages\/982\/revisions"}],"predecessor-version":[{"id":993,"href":"https:\/\/www.revon.fr\/en\/wp-json\/wp\/v2\/pages\/982\/revisions\/993"}],"wp:attachment":[{"href":"https:\/\/www.revon.fr\/en\/wp-json\/wp\/v2\/media?parent=982"}],"curies":[{"name":"wp","href":"https:\/\/api.w.org\/{rel}","templated":true}]}}